{"id":541,"date":"2018-11-27T09:17:28","date_gmt":"2018-11-27T09:17:28","guid":{"rendered":"https:\/\/museoregionalhuastecoac.com\/index.php\/services\/"},"modified":"2024-04-11T09:27:19","modified_gmt":"2024-04-11T07:27:19","slug":"fosiles","status":"publish","type":"page","link":"https:\/\/museoregionalhuastecoac.com\/en\/fosiles\/","title":{"rendered":"Fossils"},"content":{"rendered":"<div data-elementor-type=\"wp-post\" data-elementor-id=\"541\" class=\"elementor elementor-541\">\n\t\t\t\t<div class=\"elementor-element elementor-element-ecdc542 e-flex e-con-boxed e-con e-parent\" data-id=\"ecdc542\" data-element_type=\"container\" data-e-type=\"container\" data-settings=\"{&quot;background_background&quot;:&quot;classic&quot;}\">\n\t\t\t\t\t<div class=\"e-con-inner\">\n\t\t<div class=\"elementor-element elementor-element-341f31e e-con-full e-flex e-con e-child\" data-id=\"341f31e\" data-element_type=\"container\" data-e-type=\"container\">\n\t\t\t\t<div class=\"elementor-element elementor-element-c607c23 elementor-widget elementor-widget-heading\" data-id=\"c607c23\" data-element_type=\"widget\" data-e-type=\"widget\" data-widget_type=\"heading.default\">\n\t\t\t\t<div class=\"elementor-widget-container\">\n\t\t\t\t\t<h1 class=\"elementor-heading-title elementor-size-default\">Fossils <\/h1>\t\t\t\t<\/div>\n\t\t\t\t<\/div>\n\t\t\t\t<\/div>\n\t\t\t\t\t<\/div>\n\t\t\t\t<\/div>\n\t\t<div class=\"elementor-element elementor-element-1ea260a e-flex e-con-boxed e-con e-parent\" data-id=\"1ea260a\" data-element_type=\"container\" data-e-type=\"container\">\n\t\t\t\t\t<div class=\"e-con-inner\">\n\t\t<div class=\"elementor-element elementor-element-53e9612 e-con-full e-flex e-con e-child\" data-id=\"53e9612\" data-element_type=\"container\" data-e-type=\"container\">\n\t\t\t\t<div class=\"elementor-element elementor-element-7179047 elementor-widget elementor-widget-heading\" data-id=\"7179047\" data-element_type=\"widget\" data-e-type=\"widget\" data-widget_type=\"heading.default\">\n\t\t\t\t<div class=\"elementor-widget-container\">\n\t\t\t\t\t<h2 class=\"elementor-heading-title elementor-size-default\">Fossil pieces and among them are:<\/h2>\t\t\t\t<\/div>\n\t\t\t\t<\/div>\n\t\t\t\t<div class=\"elementor-element elementor-element-9db05f7 elementor-widget-divider--view-line elementor-widget elementor-widget-divider\" data-id=\"9db05f7\" data-element_type=\"widget\" data-e-type=\"widget\" data-widget_type=\"divider.default\">\n\t\t\t\t<div class=\"elementor-widget-container\">\n\t\t\t\t\t\t\t<div class=\"elementor-divider\">\n\t\t\t<span class=\"elementor-divider-separator\">\n\t\t\t\t\t\t<\/span>\n\t\t<\/div>\n\t\t\t\t\t\t<\/div>\n\t\t\t\t<\/div>\n\t\t\t\t<\/div>\n\t\t\t\t\t<\/div>\n\t\t\t\t<\/div>\n\t\t<div class=\"elementor-element elementor-element-763a77a e-flex e-con-boxed e-con e-parent\" data-id=\"763a77a\" data-element_type=\"container\" data-e-type=\"container\" data-settings=\"{&quot;background_background&quot;:&quot;classic&quot;}\">\n\t\t\t\t\t<div class=\"e-con-inner\">\n\t\t<div class=\"elementor-element elementor-element-b19ea39 e-con-full e-flex e-con e-child\" data-id=\"b19ea39\" data-element_type=\"container\" data-e-type=\"container\" data-settings=\"{&quot;background_background&quot;:&quot;classic&quot;}\">\n\t\t\t\t<div class=\"elementor-element elementor-element-f99f203 elementor-widget elementor-widget-image\" data-id=\"f99f203\" data-element_type=\"widget\" data-e-type=\"widget\" data-widget_type=\"image.default\">\n\t\t\t\t<div class=\"elementor-widget-container\">\n\t\t\t\t\t\t\t\t\t\t\t\t\t\t\t<img fetchpriority=\"high\" decoding=\"async\" width=\"576\" height=\"1024\" src=\"https:\/\/museoregionalhuastecoac.com\/wp-content\/uploads\/2024\/03\/conchas-576x1024.jpg\" class=\"attachment-large size-large wp-image-1393\" alt=\"\" srcset=\"https:\/\/museoregionalhuastecoac.com\/wp-content\/uploads\/2024\/03\/conchas-576x1024.jpg 576w, https:\/\/museoregionalhuastecoac.com\/wp-content\/uploads\/2024\/03\/conchas-169x300.jpg 169w, https:\/\/museoregionalhuastecoac.com\/wp-content\/uploads\/2024\/03\/conchas-768x1365.jpg 768w, https:\/\/museoregionalhuastecoac.com\/wp-content\/uploads\/2024\/03\/conchas-864x1536.jpg 864w, https:\/\/museoregionalhuastecoac.com\/wp-content\/uploads\/2024\/03\/conchas.jpg 900w\" sizes=\"(max-width: 576px) 100vw, 576px\" \/>\t\t\t\t\t\t\t\t\t\t\t\t\t\t\t<\/div>\n\t\t\t\t<\/div>\n\t\t\t\t<div class=\"elementor-element elementor-element-d1c18d2 elementor-widget elementor-widget-image-box\" data-id=\"d1c18d2\" data-element_type=\"widget\" data-e-type=\"widget\" data-widget_type=\"image-box.default\">\n\t\t\t\t<div class=\"elementor-widget-container\">\n\t\t\t\t\t<div class=\"elementor-image-box-wrapper\"><div class=\"elementor-image-box-content\"><h5 class=\"elementor-image-box-title\">Mollusca<\/h5><p class=\"elementor-image-box-description\">Mollusks (Mollusca, from the Latin mollis &quot;soft&quot;) make up one of the great phyla of the animal kingdom. They are coelomate protostome invertebrates, triblastic with bilateral symmetry (although some may have a secondary asymmetry), non-segmented, with a soft body, naked or protected by a shell. Mollusks are the most numerous invertebrates after arthropods, and include such well-known forms as clams, clams, razor clams, oysters, cuttlefish, squid, octopuses, slugs and the great diversity of snails, both marine and terrestrial. <\/p><\/div><\/div>\t\t\t\t<\/div>\n\t\t\t\t<\/div>\n\t\t\t\t<\/div>\n\t\t<div class=\"elementor-element elementor-element-ec35598 e-con-full e-flex e-con e-child\" data-id=\"ec35598\" data-element_type=\"container\" data-e-type=\"container\" data-settings=\"{&quot;background_background&quot;:&quot;classic&quot;}\">\n\t\t\t\t<div class=\"elementor-element elementor-element-2d2b862 elementor-widget elementor-widget-image\" data-id=\"2d2b862\" data-element_type=\"widget\" data-e-type=\"widget\" data-widget_type=\"image.default\">\n\t\t\t\t<div class=\"elementor-widget-container\">\n\t\t\t\t\t\t\t\t\t\t\t\t\t\t\t<img decoding=\"async\" width=\"576\" height=\"1024\" src=\"https:\/\/museoregionalhuastecoac.com\/wp-content\/uploads\/2024\/03\/mam-576x1024.jpg\" class=\"attachment-large size-large wp-image-1392\" alt=\"\" srcset=\"https:\/\/museoregionalhuastecoac.com\/wp-content\/uploads\/2024\/03\/mam-576x1024.jpg 576w, https:\/\/museoregionalhuastecoac.com\/wp-content\/uploads\/2024\/03\/mam-169x300.jpg 169w, https:\/\/museoregionalhuastecoac.com\/wp-content\/uploads\/2024\/03\/mam-768x1365.jpg 768w, https:\/\/museoregionalhuastecoac.com\/wp-content\/uploads\/2024\/03\/mam-864x1536.jpg 864w, https:\/\/museoregionalhuastecoac.com\/wp-content\/uploads\/2024\/03\/mam.jpg 900w\" sizes=\"(max-width: 576px) 100vw, 576px\" \/>\t\t\t\t\t\t\t\t\t\t\t\t\t\t\t<\/div>\n\t\t\t\t<\/div>\n\t\t\t\t<div class=\"elementor-element elementor-element-fa4c287 elementor-widget elementor-widget-image-box\" data-id=\"fa4c287\" data-element_type=\"widget\" data-e-type=\"widget\" data-widget_type=\"image-box.default\">\n\t\t\t\t<div class=\"elementor-widget-container\">\n\t\t\t\t\t<div class=\"elementor-image-box-wrapper\"><div class=\"elementor-image-box-content\"><h5 class=\"elementor-image-box-title\">American Mastodon<\/h5><p class=\"elementor-image-box-description\">The American mastodon, an extinct proboscidean that lived from about 3.7 million years ago to about 10,000 years ago, its fossils have been found in the Americas from Alaska and south to El Salvador; In Mexico its main habitat was pine and oak forests, although it also thrived in grasslands and tropical forests.<\/p><\/div><\/div>\t\t\t\t<\/div>\n\t\t\t\t<\/div>\n\t\t\t\t<\/div>\n\t\t\t\t\t<\/div>\n\t\t\t\t<\/div>\n\t\t<div class=\"elementor-element elementor-element-5ce4035 e-flex e-con-boxed e-con e-parent\" data-id=\"5ce4035\" data-element_type=\"container\" data-e-type=\"container\" data-settings=\"{&quot;background_background&quot;:&quot;classic&quot;}\">\n\t\t\t\t\t<div class=\"e-con-inner\">\n\t\t<div class=\"elementor-element elementor-element-a722f70 e-con-full e-flex e-con e-child\" data-id=\"a722f70\" data-element_type=\"container\" data-e-type=\"container\" data-settings=\"{&quot;background_background&quot;:&quot;classic&quot;}\">\n\t\t\t\t<div class=\"elementor-element elementor-element-07df97f elementor-widget elementor-widget-image\" data-id=\"07df97f\" data-element_type=\"widget\" data-e-type=\"widget\" data-widget_type=\"image.default\">\n\t\t\t\t<div class=\"elementor-widget-container\">\n\t\t\t\t\t\t\t\t\t\t\t\t\t\t\t<img decoding=\"async\" width=\"576\" height=\"1024\" src=\"https:\/\/museoregionalhuastecoac.com\/wp-content\/uploads\/2024\/03\/brontoterio-576x1024.jpg\" class=\"attachment-large size-large wp-image-1390\" alt=\"\" srcset=\"https:\/\/museoregionalhuastecoac.com\/wp-content\/uploads\/2024\/03\/brontoterio-576x1024.jpg 576w, https:\/\/museoregionalhuastecoac.com\/wp-content\/uploads\/2024\/03\/brontoterio-169x300.jpg 169w, https:\/\/museoregionalhuastecoac.com\/wp-content\/uploads\/2024\/03\/brontoterio-768x1365.jpg 768w, https:\/\/museoregionalhuastecoac.com\/wp-content\/uploads\/2024\/03\/brontoterio-864x1536.jpg 864w, https:\/\/museoregionalhuastecoac.com\/wp-content\/uploads\/2024\/03\/brontoterio.jpg 900w\" sizes=\"(max-width: 576px) 100vw, 576px\" \/>\t\t\t\t\t\t\t\t\t\t\t\t\t\t\t<\/div>\n\t\t\t\t<\/div>\n\t\t\t\t<div class=\"elementor-element elementor-element-da03def elementor-widget elementor-widget-image-box\" data-id=\"da03def\" data-element_type=\"widget\" data-e-type=\"widget\" data-widget_type=\"image-box.default\">\n\t\t\t\t<div class=\"elementor-widget-container\">\n\t\t\t\t\t<div class=\"elementor-image-box-wrapper\"><div class=\"elementor-image-box-content\"><h5 class=\"elementor-image-box-title\">Brontothere<\/h5><p class=\"elementor-image-box-description\">The brontothere was a hoofed mammal similar to the rhinoceros that lived in the forests that covered the plains of the central United States at the end of the Eocene, 35 million years ago. At two and a half meters high, five meters long and two tons in weight, its size was intermediate between that of the elephant and the rhinoceros.<\/p><\/div><\/div>\t\t\t\t<\/div>\n\t\t\t\t<\/div>\n\t\t\t\t<\/div>\n\t\t<div class=\"elementor-element elementor-element-78f6d94 e-con-full e-flex e-con e-child\" data-id=\"78f6d94\" data-element_type=\"container\" data-e-type=\"container\" data-settings=\"{&quot;background_background&quot;:&quot;classic&quot;}\">\n\t\t\t\t<div class=\"elementor-element elementor-element-4befabd elementor-widget elementor-widget-image\" data-id=\"4befabd\" data-element_type=\"widget\" data-e-type=\"widget\" data-widget_type=\"image.default\">\n\t\t\t\t<div class=\"elementor-widget-container\">\n\t\t\t\t\t\t\t\t\t\t\t\t\t\t\t<img loading=\"lazy\" decoding=\"async\" width=\"576\" height=\"1024\" src=\"https:\/\/museoregionalhuastecoac.com\/wp-content\/uploads\/2024\/03\/Megaterio-576x1024.jpg\" class=\"attachment-large size-large wp-image-1391\" alt=\"\" srcset=\"https:\/\/museoregionalhuastecoac.com\/wp-content\/uploads\/2024\/03\/Megaterio-576x1024.jpg 576w, https:\/\/museoregionalhuastecoac.com\/wp-content\/uploads\/2024\/03\/Megaterio-169x300.jpg 169w, https:\/\/museoregionalhuastecoac.com\/wp-content\/uploads\/2024\/03\/Megaterio-768x1365.jpg 768w, https:\/\/museoregionalhuastecoac.com\/wp-content\/uploads\/2024\/03\/Megaterio-864x1536.jpg 864w, https:\/\/museoregionalhuastecoac.com\/wp-content\/uploads\/2024\/03\/Megaterio.jpg 900w\" sizes=\"(max-width: 576px) 100vw, 576px\" \/>\t\t\t\t\t\t\t\t\t\t\t\t\t\t\t<\/div>\n\t\t\t\t<\/div>\n\t\t\t\t<div class=\"elementor-element elementor-element-03e1dc6 elementor-widget elementor-widget-image-box\" data-id=\"03e1dc6\" data-element_type=\"widget\" data-e-type=\"widget\" data-widget_type=\"image-box.default\">\n\t\t\t\t<div class=\"elementor-widget-container\">\n\t\t\t\t\t<div class=\"elementor-image-box-wrapper\"><div class=\"elementor-image-box-content\"><h5 class=\"elementor-image-box-title\">Megatherium (Megatherium)<\/h5><p class=\"elementor-image-box-description\">is an extinct genus of placental mammals of the order Pilosa, commonly known as megatheres. They were large ground sloths, relatives of the current sloths that lived in South America from the beginning of the Pliocene or Pleistocene until 8,000 years ago, already in the Holocene. In terms of size it was only surpassed by some groups of land mammals, such as the largest proboscideans and perissodactyls such as Paraceratherium.<\/p><\/div><\/div>\t\t\t\t<\/div>\n\t\t\t\t<\/div>\n\t\t\t\t<\/div>\n\t\t\t\t\t<\/div>\n\t\t\t\t<\/div>\n\t\t\t\t<\/div>","protected":false},"excerpt":{"rendered":"<p>Fosiles Piezas fosiles y entre ellas estan: Mollusca Los moluscos (Mollusca, del lat\u00edn mollis \u00abblando\u00bb) conforman uno de los grandes filos del reino animal. Son invertebrados prot\u00f3stomos celomados, tribl\u00e1sticos de simetr\u00eda bilateral (aunque algunos pueden tener una asimetr\u00eda secundaria) no segmentados, de cuerpo blando, desnudo o protegido por una concha. Los moluscos son los invertebrados [&hellip;]<\/p>\n","protected":false},"author":1,"featured_media":0,"parent":0,"menu_order":0,"comment_status":"closed","ping_status":"closed","template":"","meta":{"give_campaign_id":0,"tpgb_global_settings":"","site-sidebar-layout":"no-sidebar","site-content-layout":"page-builder","ast-site-content-layout":"full-width-container","site-content-style":"unboxed","site-sidebar-style":"unboxed","ast-global-header-display":"","ast-banner-title-visibility":"","ast-main-header-display":"","ast-hfb-above-header-display":"","ast-hfb-below-header-display":"","ast-hfb-mobile-header-display":"","site-post-title":"disabled","ast-breadcrumbs-content":"","ast-featured-img":"disabled","footer-sml-layout":"","ast-disable-related-posts":"","theme-transparent-header-meta":"enabled","adv-header-id-meta":"","stick-header-meta":"","header-above-stick-meta":"","header-main-stick-meta":"","header-below-stick-meta":"","astra-migrate-meta-layouts":"set","ast-page-background-enabled":"default","ast-page-background-meta":{"desktop":{"background-color":"","background-image":"","background-repeat":"repeat","background-position":"center center","background-size":"auto","background-attachment":"scroll","background-type":"","background-media":"","overlay-type":"","overlay-color":"","overlay-opacity":"","overlay-gradient":""},"tablet":{"background-color":"","background-image":"","background-repeat":"repeat","background-position":"center center","background-size":"auto","background-attachment":"scroll","background-type":"","background-media":"","overlay-type":"","overlay-color":"","overlay-opacity":"","overlay-gradient":""},"mobile":{"background-color":"","background-image":"","background-repeat":"repeat","background-position":"center center","background-size":"auto","background-attachment":"scroll","background-type":"","background-media":"","overlay-type":"","overlay-color":"","overlay-opacity":"","overlay-gradient":""}},"ast-content-background-meta":{"desktop":{"background-color":"var(--ast-global-color-5)","background-image":"","background-repeat":"repeat","background-position":"center center","background-size":"auto","background-attachment":"scroll","background-type":"","background-media":"","overlay-type":"","overlay-color":"","overlay-opacity":"","overlay-gradient":""},"tablet":{"background-color":"var(--ast-global-color-5)","background-image":"","background-repeat":"repeat","background-position":"center center","background-size":"auto","background-attachment":"scroll","background-type":"","background-media":"","overlay-type":"","overlay-color":"","overlay-opacity":"","overlay-gradient":""},"mobile":{"background-color":"var(--ast-global-color-5)","background-image":"","background-repeat":"repeat","background-position":"center center","background-size":"auto","background-attachment":"scroll","background-type":"","background-media":"","overlay-type":"","overlay-color":"","overlay-opacity":"","overlay-gradient":""}},"footnotes":""},"class_list":["post-541","page","type-page","status-publish","hentry"],"campaignId":"","tpgb_featured_images":null,"tpgb_post_meta_info":{"get_date":"27 de November de 2018","get_modified_date":"11 de April de 2024","author_name":"museoregionalhuastecoac.com","author_url":"https:\/\/museoregionalhuastecoac.com\/en\/author\/museoregionalhuastecoac-com\/","author_email":"museoregionalhuasteco.ac@gmail.com","author_website":"http:\/\/museoregionalhuastecoac.com","author_description":"","author_facebook":"","author_twitter":"","author_instagram":"","author_role":["administrator"],"author_firstname":"","author_lastname":"","user_login":"museoregionalhuastecoac.com","author_avatar":"<img alt='' src='https:\/\/secure.gravatar.com\/avatar\/c0a2dc8b333915b9c5e98f442230f98c?s=200&#038;d=mm&#038;r=g' srcset='https:\/\/secure.gravatar.com\/avatar\/c0a2dc8b333915b9c5e98f442230f98c?s=400&#038;d=mm&#038;r=g 2x' class='avatar avatar-200 photo' height='200' width='200' decoding='async'\/>","author_avatar_url":"https:\/\/secure.gravatar.com\/avatar\/c0a2dc8b333915b9c5e98f442230f98c?s=96&d=mm&r=g","comment_count":0,"post_likes":0,"post_views":0},"tpgb_post_category":[],"_links":{"self":[{"href":"https:\/\/museoregionalhuastecoac.com\/en\/wp-json\/wp\/v2\/pages\/541","targetHints":{"allow":["GET"]}}],"collection":[{"href":"https:\/\/museoregionalhuastecoac.com\/en\/wp-json\/wp\/v2\/pages"}],"about":[{"href":"https:\/\/museoregionalhuastecoac.com\/en\/wp-json\/wp\/v2\/types\/page"}],"author":[{"embeddable":true,"href":"https:\/\/museoregionalhuastecoac.com\/en\/wp-json\/wp\/v2\/users\/1"}],"replies":[{"embeddable":true,"href":"https:\/\/museoregionalhuastecoac.com\/en\/wp-json\/wp\/v2\/comments?post=541"}],"version-history":[{"count":26,"href":"https:\/\/museoregionalhuastecoac.com\/en\/wp-json\/wp\/v2\/pages\/541\/revisions"}],"predecessor-version":[{"id":1744,"href":"https:\/\/museoregionalhuastecoac.com\/en\/wp-json\/wp\/v2\/pages\/541\/revisions\/1744"}],"wp:attachment":[{"href":"https:\/\/museoregionalhuastecoac.com\/en\/wp-json\/wp\/v2\/media?parent=541"}],"curies":[{"name":"wp","href":"https:\/\/api.w.org\/{rel}","templated":true}]}}